{"id":393653,"date":"2024-06-16T09:23:23","date_gmt":"2024-06-16T09:23:23","guid":{"rendered":"https:\/\/catalunya.ipa-spain.org\/historia-i-constitucio-de-la-ipa\/"},"modified":"2024-11-04T15:28:28","modified_gmt":"2024-11-04T15:28:28","slug":"historia-i-constitucio-de-la-ipa","status":"publish","type":"page","link":"https:\/\/catalunya.ipa-spain.org\/ca\/historia-i-constitucio-de-la-ipa\/","title":{"rendered":"Hist\u00f2ria i constituci\u00f3 de la IPA"},"content":{"rendered":"<p>[et_pb_section fb_built=&#8221;1&#8243; admin_label=&#8221;Header&#8221; _builder_version=&#8221;4.27.0&#8243; background_color=&#8221;#0c71c3&#8243; use_background_color_gradient=&#8221;on&#8221; background_color_gradient_stops=&#8221;rgba(0,0,0,0.5) 0%|rgba(0,0,0,0.5) 100%&#8221; background_color_gradient_overlays_image=&#8221;on&#8221; background_color_gradient_start=&#8221;rgba(0,0,0,0.5)&#8221; background_color_gradient_end=&#8221;rgba(0,0,0,0.5)&#8221; background_enable_image=&#8221;off&#8221; custom_padding=&#8221;||||false|false&#8221; bottom_divider_height=&#8221;16px&#8221; global_colors_info=&#8221;{}&#8221;][et_pb_row column_structure=&#8221;1_2,1_2&#8243; _builder_version=&#8221;4.16&#8243; global_colors_info=&#8221;{}&#8221;][et_pb_column type=&#8221;1_2&#8243; _builder_version=&#8221;4.16&#8243; global_colors_info=&#8221;{}&#8221;][et_pb_text _builder_version=&#8221;4.26.0&#8243; header_font=&#8221;Kanit|500|||||||&#8221; header_font_size=&#8221;2vw&#8221; header_line_height=&#8221;1.1em&#8221; background_layout=&#8221;dark&#8221; max_width=&#8221;795px&#8221; module_alignment=&#8221;center&#8221; header_text_align_tablet=&#8221;&#8221; header_text_align_phone=&#8221;center&#8221; header_text_align_last_edited=&#8221;on|phone&#8221; header_font_size_tablet=&#8221;42px&#8221; header_font_size_phone=&#8221;36px&#8221; header_font_size_last_edited=&#8221;on|desktop&#8221; locked=&#8221;off&#8221; global_colors_info=&#8221;{}&#8221;]<\/p>\n<h1>La nostra hist\u00f2ria<\/h1>\n<p>[\/et_pb_text][\/et_pb_column][et_pb_column type=&#8221;1_2&#8243; _builder_version=&#8221;4.16&#8243; global_colors_info=&#8221;{}&#8221;][\/et_pb_column][\/et_pb_row][\/et_pb_section][et_pb_section fb_built=&#8221;1&#8243; _builder_version=&#8221;4.25.1&#8243; _module_preset=&#8221;default&#8221; global_colors_info=&#8221;{}&#8221;][et_pb_row _builder_version=&#8221;4.26.0&#8243; _module_preset=&#8221;default&#8221; custom_margin=&#8221;||0px||false|false&#8221; custom_padding=&#8221;||0px||false|false&#8221; global_colors_info=&#8221;{}&#8221;][et_pb_column type=&#8221;4_4&#8243; _builder_version=&#8221;4.26.0&#8243; _module_preset=&#8221;default&#8221; global_colors_info=&#8221;{}&#8221;][et_pb_text _builder_version=&#8221;4.27.2&#8243; _module_preset=&#8221;default&#8221; custom_padding=&#8221;||0px|||&#8221; global_colors_info=&#8221;{}&#8221;]<\/p>\n<h4><strong>Hist\u00f2ria de la IPA i del seu fundador<\/strong><\/h4>\n<p>L&#8217;Associaci\u00f3 va n\u00e9ixer perqu\u00e8 un sergent de la policia de Lincolnshire , Anglaterra, anomenat <strong>Arthur Troop<\/strong> , volia crear un canal d&#8217;amistat i cooperaci\u00f3 internacional entre policies.<\/p>\n<p>&nbsp;[\/et_pb_text][\/et_pb_column][\/et_pb_row][et_pb_row column_structure=&#8221;3_5,2_5&#8243; _builder_version=&#8221;4.26.0&#8243; _module_preset=&#8221;default&#8221; background_color=&#8221;#f4f4f4&#8243; custom_margin=&#8221;0px|auto|0px|auto|false|false&#8221; custom_padding=&#8221;0px||0px||false|false&#8221; global_colors_info=&#8221;{}&#8221;][et_pb_column type=&#8221;3_5&#8243; _builder_version=&#8221;4.26.0&#8243; _module_preset=&#8221;default&#8221; global_colors_info=&#8221;{}&#8221;][et_pb_text _builder_version=&#8221;4.26.0&#8243; _module_preset=&#8221;default&#8221; custom_padding=&#8221;35px|||35px|false|false&#8221; global_colors_info=&#8221;{}&#8221;]<\/p>\n<p><em><strong>Arthur Troop<\/strong><\/em><span> <\/span>va n\u00e9ixer el 15 de desembre de 1914 a<span> <\/span><em>Lincoln<\/em>, Anglaterra, on va passar la infantesa i va assistir a l&#8217;escola local. La seva vida laboral va comen\u00e7ar com a mec\u00e0nic per\u00f2 r\u00e0pidament va trobar inter\u00e8s en altres \u00e0rees. Va continuar la seva educaci\u00f3 al  <span> <\/span><em>Ruskin College de Oxford<\/em>, i va obtenir un diploma en Economia i Ci\u00e8ncies Socials. Durant aquest temps tamb\u00e9 va completar un estudi de 3 anys d&#8217;hist\u00f2ria russa. Se li va concedir una beca per visitar  <span> <\/span><em>Mosc\u00fa<\/em><span> <\/span>i<span> <\/span><em>Leningrad<\/em><span> <\/span>el 1934. Posteriorment va seguir un estudi d&#8217;agricultura de 2 anys al <span> <\/span><em>Avoncroft Agricultural College<\/em><span> <\/span>a la<span> <\/span><em>Vall de Evesham<\/em>,<span> <\/span><em>Worcestershire<\/em>.<\/p>\n<p>[\/et_pb_text][\/et_pb_column][et_pb_column type=&#8221;2_5&#8243; _builder_version=&#8221;4.26.0&#8243; _module_preset=&#8221;default&#8221; global_colors_info=&#8221;{}&#8221;][et_pb_image src=&#8221;https:\/\/catalunya.ipa-spain.org\/wp-content\/uploads\/sites\/9\/2024\/07\/EArthur-Troop.jpeg&#8221; title_text=&#8221;EArthur Troop&#8221; align=&#8221;center&#8221; _builder_version=&#8221;4.26.0&#8243; _module_preset=&#8221;default&#8221; custom_margin=&#8221;10px||5px||false|false&#8221; custom_padding=&#8221;9px||3px||false|false&#8221; global_colors_info=&#8221;{}&#8221;][\/et_pb_image][et_pb_text _builder_version=&#8221;4.26.0&#8243; _module_preset=&#8221;default&#8221; custom_margin=&#8221;0px||0px||false|false&#8221; custom_padding=&#8221;0px||0px||false|false&#8221; global_colors_info=&#8221;{}&#8221;]<\/p>\n<p style=\"text-align: center;\"><em>(Arthur Troop)<\/em><\/p>\n<p>[\/et_pb_text][\/et_pb_column][\/et_pb_row][et_pb_row _builder_version=&#8221;4.26.0&#8243; _module_preset=&#8221;default&#8221; custom_margin=&#8221;0px||0px||false|false&#8221; custom_padding=&#8221;10px||0px||false|false&#8221; global_colors_info=&#8221;{}&#8221;][et_pb_column type=&#8221;4_4&#8243; _builder_version=&#8221;4.26.0&#8243; _module_preset=&#8221;default&#8221; global_colors_info=&#8221;{}&#8221;][et_pb_text _builder_version=&#8221;4.27.2&#8243; _module_preset=&#8221;default&#8221; hover_enabled=&#8221;0&#8243; global_colors_info=&#8221;{}&#8221; sticky_enabled=&#8221;0&#8243;]El 19 de juny de 1936, <strong>Arthur<\/strong> es va incorporar a la <strong>Policia de Lincolnshire<\/strong>, on va treballar en diversos departaments, per\u00f2 es va especialitzar en tr\u00e0nsit. Poc despr\u00e9s de la Segona Guerra Mundial, <strong>Arthur<\/strong> es va dedicar a la tasca enorme de fundar una organitzaci\u00f3 d&#8217;amistat per a agents de policia de tot el m\u00f3n. Sempre havia tingut una gran fe que les persones podien parlar entre elles en lloc de barallar-se, i creia en les qualitats positives de l&#8217;amistat. En aquell moment, per\u00f2, se\u2019l considerava exc\u00e8ntric i va experimentar una oposici\u00f3 considerable per part del seu cap de policia i del Ministeri de l&#8217;Interior.<br \/>Als anys 1948-49, <strong>Arthur Troop<\/strong> es va posar en contacte amb els seus amics policies, tant al Regne Unit com a l&#8217;estranger. L\u2019any 1949 va publicar un article a la British Police Review amb el pseud\u00f2nim \u00abAytee\u00bb. Despr\u00e9s d&#8217;una resposta sorprenent, <strong>Arthur<\/strong> es va conv\u00e8ncer que havia de continuar, i l&#8217;<a href=\"http:\/\/www.ipa-international.org\/ca\/\" target=\"_blank\" rel=\"noopener\"><strong>International Police Association<\/strong><\/a> <strong>(IPA) es va fundar l&#8217;1 de gener de 1950<\/strong> sota el lema en esperanto &#8216;<strong>Servo per Amikeco<\/strong>&#8216; (Servei a trav\u00e9s de l\u2019amistat). <strong>Arthur Troop<\/strong> es va convertir en el primer <strong>Secretari General<\/strong> de la <strong>Secci\u00f3 Brit\u00e0nica<\/strong>. La seva idea d&#8217;una associaci\u00f3 que foment\u00e9s vincles socials, culturals i professionals entre els seus membres, en un entorn lliure de distincions de rang, g\u00e8nere, ra\u00e7a, idioma o religi\u00f3, es va convertir en realitat.<br \/>Amb l&#8217;ajuda dels primers pioners, <strong>Arthur Troop<\/strong> va treballar incansablement per fomentar la fundaci\u00f3 d&#8217;altres <strong>Seccions Nacionals<\/strong>. L&#8217;any 1953, els Pa\u00efsos Baixos es van convertir en el primer pa\u00eds despr\u00e9s del Regne Unit a formar una secci\u00f3. B\u00e8lgica i Fran\u00e7a van seguir aquell mateix any. Noruega, Alemanya i Su\u00efssa es van organitzar durant els dos anys seg\u00fcents. Aviat hi va haver seccions a la major part de l&#8217;Europa Occidental.   <\/p>\n<p>El 1955, a la primera reuni\u00f3 del <strong>Comit\u00e8 Executiu Internacional<\/strong> a <strong>Par\u00eds<\/strong> , <strong>Arthur Troop<\/strong> es va convertir en el primer <strong>Secretari General Internacional<\/strong> , c\u00e0rrec que va ocupar fins que va renunciar el 1966 per raons personals.<\/p>\n<p><strong><u>El 16 de mar\u00e7 de 1961<\/u><\/strong> , al <strong>Congr\u00e9s Mundial extraordinari<\/strong> celebrat a Par\u00eds , es van afiliar les primeres seccions fora d&#8217;Europa: Canad\u00e0 i Hong Kong .<\/p>\n<p>Al tercer <strong>Congr\u00e9s Mundial <\/strong>celebrat a Stuttgart , Alemanya , <strong><u>al setembre de 1961<\/u><\/strong> , es va afiliar la primera secci\u00f3 africana, IPA Kenya es va unir a lassociaci\u00f3.<\/p>\n<p>Despr\u00e9s de l&#8217;\u00e8xit en la creaci\u00f3 del que s\u2019ha convertit en l\u2019organitzaci\u00f3 policial m\u00e9s gran del m\u00f3n, hi va haver un canvi en la visi\u00f3 de les autoritats envers l&#8217;<a href=\"http:\/\/www.ipa-international.org\/ca\/\" target=\"_blank\" rel=\"noopener\">International Police Association<\/a>. En la Llista d\u2019Honor de l&#8217;Aniversari de la Reina de 1965, Arthur Troop va rebre la Medalla de l&#8217;Imperi Brit\u00e0nic pel seu treball en la fundaci\u00f3 de la IPA, entre altres m\u00e8rits. M\u00e9s tard, rebria molts altres premis importants de diversos pa\u00efsos, entre els quals: un Doctorat Honorari del Canad\u00e0, la Creu d&#8217;Honor del President de la Rep\u00fablica d&#8217;\u00c0ustria, i, despr\u00e9s de la inauguraci\u00f3 de l&#8217;est\u00e0tua d&#8217;Arthur Troop a la gran plana d&#8217;Hongria el 1998, la \u00abEspasa d\u2019or d&#8217;Hongria\u00bb.<br \/>En retirar-se de la policia el 1966, Arthur Troop va continuar amb el seu desig d\u2019ajudar els altres. Va iniciar una nova carrera al Departament de Serveis Socials de Lincolnshire, com a Visitador a Domicili per a Cecs, i una altra vegada va rebre un reconeixement nacional per la seva tasca ben\u00e8fica en proporcionar gossos guia. Fins i tot durant la seva malaltia posterior, <strong>Arthur<\/strong>, juntament amb la seva esposa Marjorie, va continuar dirigint el Stamford Blind Club.<br \/>L\u2019any 1982 va veure l\u2019elecci\u00f3 de la primera dona membre de la <a href=\"http:\/\/www.ipa-international.org\/ca\/\" target=\"_blank\" rel=\"noopener\">International Police Association<\/a> per al <strong>PEB<\/strong>, l&#8217;antic nom de la <strong>Junta Executiva Internacional<\/strong> (IEB), Phyllis Nolan, de la <strong>Secci\u00f3 de la IPA d\u2019Irlanda.<\/strong><br \/>Com a membre &#8220;ex officio&#8221; del <strong>Comit\u00e8 Internacional (PEB)<\/strong>, <strong>Arthur<\/strong> va continuar assistint a reunions internacionals, on els seus consells eren escoltats i respectats. En l\u2019<strong>XI Congr\u00e9s Mundial<\/strong> de 1985, es va convertir en el primer receptor de la Medalla d\u2019Or de l\u2019Associaci\u00f3. A la 26a Confer\u00e8ncia de l&#8217;IEC a Viena, el 1995, Arthur va ser guardonat amb el Premi Mundial de Policia IPA.   <\/p>\n<p>Malgrat la seva greu malaltia, <strong>Arthur<\/strong> es va preparar per al <strong>Congr\u00e9s Mundial del 50\u00e8 Aniversari <\/strong>de l&#8217;Associaci\u00f3, celebrat a Bournemouth, Regne Unit, al maig de l&#8217;any 2000. Sa Altesa Reial, la Princesa Anna, va assistir a la cerim\u00f2nia d\u2019obertura i va retre homenatge a \u201c\u2026 l&#8217;home de Lincolnshire, per perseguir implacablement l&#8217;ardua tasca d&#8217;establir l&#8217;Associaci\u00f3 Internacional de Policia mitjan\u00e7ant el Servei a trav\u00e9s de l&#8217;Amistat\u201d. Sa Altesa Reial va continuar dient: \u201c\u2026 <strong>Arthur Troop<\/strong> va afrontar molta adversitat, a\u00efllament i desinter\u00e8s des de nivells superiors que ni podem imaginar\u201d.<br \/>Despr\u00e9s d\u2019una llarga malaltia, <strong>Arthur<\/strong> va morir el dijous 30 de novembre de l&#8217;any 2000. <strong>Arthur<\/strong> era un policia brit\u00e0nic ordinari amb un somni que va assolir els seus objectius en fundar <strong>la major organitzaci\u00f3 policial del m\u00f3n<\/strong>.<br \/>L\u2019any 2020 va marcar el 70\u00e8 aniversari de la IPA. Actualment, t\u00e9 m\u00e9s de <strong>372.000 socis<\/strong> i seccions nacionals en <strong>65 pa\u00efsos dels cinc continents<\/strong>.  <\/p>\n<p>\u00c9s una ONG amb estatut consultiu (especial) amb el Consell Econ\u00f2mic i Social de les Nacions Unides, amb l&#8217;Organitzaci\u00f3 dels Estats Americans i amb la UNESCO.<\/p>\n<p>Hem estat testimonis del creixement constant del que ha esdevingut la principal organitzaci\u00f3 policial indiscutible del m\u00f3n, tant en nombre de membres com en influ\u00e8ncia.<\/p>\n<blockquote>\n<p style=\"text-align: left;\"><strong>I les idees fonamentals d&#8217;Arthur Troop encara romanen fins avui!<\/strong><\/p>\n<\/blockquote>\n<p>[\/et_pb_text][\/et_pb_column][\/et_pb_row][et_pb_row _builder_version=&#8221;4.26.0&#8243; _module_preset=&#8221;default&#8221; global_colors_info=&#8221;{}&#8221;][et_pb_column type=&#8221;4_4&#8243; _builder_version=&#8221;4.26.0&#8243; _module_preset=&#8221;default&#8221; global_colors_info=&#8221;{}&#8221;][et_pb_text _builder_version=&#8221;4.26.0&#8243; _module_preset=&#8221;default&#8221; custom_margin=&#8221;||8px|||&#8221; global_colors_info=&#8221;{}&#8221;]<\/p>\n<h3><strong>Hist\u00f2ria de la I.P.A a Espanya<\/strong><\/h3>\n<p>&nbsp;<\/p>\n<p>[\/et_pb_text][et_pb_text _builder_version=&#8221;4.27.2&#8243; _module_preset=&#8221;default&#8221; hover_enabled=&#8221;0&#8243; global_colors_info=&#8221;{}&#8221; sticky_enabled=&#8221;0&#8243;]L&#8217;any 1958 es va rebre a la <strong>Prefectura de la Policia Municipal de Barcelona<\/strong> un escrit de la Policia d&#8217;Oberhausen (Alemanya) en el qual es manifestava el desig d&#8217;un grup de policies de visitar Barcelona i demanaven si podien ser atesos per la policia d&#8217;aquesta ciutat. Tot i que el fet era una cosa ins\u00f2lita, amb l&#8217;a\u00efllament d&#8217;Espanya i la comunicaci\u00f3 nul\u00b7la amb l&#8217;exterior, se&#8217;ls va comunicar que serien acceptats amb molt de gust. Se&#8217;ls va acompanyar per la ciutat i van ser rebuts a l&#8217;Ajuntament. En el curs d&#8217;una conversa amb el Comissari Cap del grup, aquest va esmentar que a Europa s&#8217;havia creat feia molt poc una organitzaci\u00f3 anomenada <strong>IPA<\/strong> (<a href=\"http:\/\/www.ipa-international.org\/ca\/\" target=\"_blank\" rel=\"noopener\"><span><strong>International Police Association)<\/strong><\/span><\/a> per fomentar la comunicaci\u00f3 i les relacions en un ordre purament amist\u00f3s entre totes les policies del m\u00f3n a exclusi\u00f3 de qualsevol menci\u00f3 de tipus pol\u00edtic o religi\u00f3s o de qualsevol discriminaci\u00f3 de ra\u00e7a o color, insinuant que la policia espanyola tamb\u00e9 seria amb tota seguretat ben rebuda si ho sol\u00b7licitava.[\/et_pb_text][\/et_pb_column][\/et_pb_row][et_pb_row column_structure=&#8221;3_5,2_5&#8243; _builder_version=&#8221;4.26.0&#8243; _module_preset=&#8221;default&#8221; background_color=&#8221;#f4f4f4&#8243; custom_margin=&#8221;0px|auto|0px|auto|false|false&#8221; custom_padding=&#8221;0px||0px||false|false&#8221; global_colors_info=&#8221;{}&#8221;][et_pb_column type=&#8221;3_5&#8243; _builder_version=&#8221;4.26.0&#8243; _module_preset=&#8221;default&#8221; global_colors_info=&#8221;{}&#8221;][et_pb_text _builder_version=&#8221;4.26.0&#8243; _module_preset=&#8221;default&#8221; custom_padding=&#8221;35px||10px|35px|false|false&#8221; global_colors_info=&#8221;{}&#8221;]<\/p>\n<p>Uns mesos despr\u00e9s el<span> <\/span><strong>Cap de la Policia Municipal<\/strong> ,<span> <\/span><em><strong>Ramon Trepat<\/strong><\/em><span> <\/span>rebia una comunicaci\u00f3 del President Internacional de la IPA, comunicant-li que el Bureau d&#8217;IPA es reuniria al setembre a<span> <\/span><em>Answerp<\/em><span> <\/span>( <em>B\u00e8lgica<\/em> ) i que el convidaven a assistir a aquesta reuni\u00f3 com a oient.<\/p>\n<p>Amb l&#8217;autoritzaci\u00f3 de l&#8217;alcalde de Barcelona i amb car\u00e0cter particular aquest cap va assistir a la reuni\u00f3, va poder efectuar les consultes pertinents i en el moment de la votaci\u00f3 del Bureau per a l&#8217;elecci\u00f3 del nou president va ser convidat fins i tot a votar.<\/p>\n<p>El 12 d&#8217;agost de 1958,<span> <\/span><em><strong>Ramon Trepat<\/strong><\/em><span> <\/span>ja va ser inscrit pels brit\u00e0nics a la seva secci\u00f3 nacional amb el carnet E-1 a l&#8217;espera que pogu\u00e9s organitzar una <strong>secci\u00f3 IPA a Espanya.<\/strong><\/p>\n<p>Aix\u00ed va passar un temps, mantenint-se una certa relaci\u00f3 amb<strong> I.P.A<\/strong> per a casos particulars.<\/p>\n<p>[\/et_pb_text][\/et_pb_column][et_pb_column type=&#8221;2_5&#8243; _builder_version=&#8221;4.26.0&#8243; _module_preset=&#8221;default&#8221; global_colors_info=&#8221;{}&#8221;][et_pb_image src=&#8221;https:\/\/catalunya.ipa-spain.org\/wp-content\/uploads\/sites\/9\/2024\/07\/RAMON-TREPAT-E-1.jpeg&#8221; title_text=&#8221;RAMON TREPAT&#8221; align=&#8221;center&#8221; _builder_version=&#8221;4.26.0&#8243; _module_preset=&#8221;default&#8221; custom_margin=&#8221;35px||||false|false&#8221; global_colors_info=&#8221;{}&#8221;][\/et_pb_image][\/et_pb_column][\/et_pb_row][et_pb_row _builder_version=&#8221;4.26.0&#8243; _module_preset=&#8221;default&#8221; global_colors_info=&#8221;{}&#8221;][et_pb_column type=&#8221;4_4&#8243; _builder_version=&#8221;4.26.0&#8243; _module_preset=&#8221;default&#8221; global_colors_info=&#8221;{}&#8221;][et_pb_text _builder_version=&#8221;4.26.0&#8243; _module_preset=&#8221;default&#8221; custom_margin=&#8221;0px||0px||false|false&#8221; custom_padding=&#8221;0px||0px||false|false&#8221; global_colors_info=&#8221;{}&#8221;]<\/p>\n<p>El 5 de Maig de 1959 el Govern Civil de Barcelona, va denegar a la<span> <\/span><strong>Comissi\u00f3 Organitzadora de la I.P.A Secci\u00f3 Espanyola<\/strong><span> <\/span>poder inscriure l&#8217;Associaci\u00f3 amb aquest nom i el 30 de Desembre del mateix any, despr\u00e9s d&#8217;una nova sol\u00b7licitud argumentant que la denominaci\u00f3 era gen\u00e8rica per a totes les seccions adherides, se li va reiterar la negativa. Tot i aix\u00f2 el mateix comunicat va apuntar la possibilitat de legalitzar l&#8217;Associaci\u00f3 com a \u201cI.P.A Secci\u00f3 Policia Municipal de Barcelona\u201d <\/p>\n<p>Per fi el 16 de desembre de 1960, el Govern Civil va aprovar els Estatuts presentats, una vegada aquests van ser modificats amb la denominaci\u00f3 imposada i l&#8217;afiliaci\u00f3 restringida a aquest Cos.<\/p>\n<p>Tot i aquestes limitacions ni la Junta Internacional ni nosaltres vam fer cas d&#8217;aquestes condicions i en les nostres relacions es va anomenar \u201c<strong><em>Secci\u00f3 Espanyola<\/em><\/strong>\u201d.<\/p>\n<p>Aix\u00ed el<span> <\/span><strong>15 de Maig de 1961<\/strong><span> <\/span>(despr\u00e9s de sol\u00b7licitar perm\u00eds al Govern Civil per celebrar la reuni\u00f3 i abonar una taxa de 25 pessetes) es va constituir a Barcelona, \u200b\u200ba l&#8217;aula 1 de l&#8217;Escola de Policia Municipal i amb l&#8217;assist\u00e8ncia de 53 associats,<span> <\/span><strong>Associaci\u00f3 Internacional de Policia, Secci\u00f3 de Policia Municipal de Barcelona<span> <\/span><\/strong>i va ser elegida la primera Junta Directiva de l&#8217;Associaci\u00f3.<\/p>\n<p>El 24 de maig de 1961, el secretari general de l&#8217;IEC, Arthur Troop va acusar rebut dels Estatuts i va certificar que s&#8217;ajustaven als internacionals.<\/p>\n<p><strong>L&#8217;11 de Setembre de 1961<\/strong>, durant les sessions del III Congr\u00e9s Mundial de la I.P.A celebrat a Stuttgart (Alemanya) la Secci\u00f3 va ser admesa com a membre de ple dret de l&#8217;Associaci\u00f3.<\/p>\n<p>Va haver de passar molt de temps fins a poder descentralitzar i donar a con\u00e8ixer a la resta de l&#8217;Estat espanyol i cossos policials el contingut de l&#8217;Associaci\u00f3, per raons \u00f2bvies pr\u00f2pies de moment hist\u00f2ric que travessava el nostre pa\u00eds, on es van posar moltes objeccions a crear una associaci\u00f3 internacional de policies.<\/p>\n<p><em><strong>Ram\u00f3n Trepat<\/strong><\/em>, soci fundador de I.P.A Secci\u00f3 Espanyola i que va ser Cap de la Policia Municipal de Barcelona des de principis dels anys 50 fins al 1977, va morir l&#8217;any 2001, als 89 anys a Barcelona.<\/p>\n<p>Actualment est\u00e0 regulada pels criteris que reflecteix la Llei d&#8217;Associacions 1\/2002 de 22 de Mar\u00e7 ia l&#8217;empara del que disposa l&#8217;article 22 de la Constituci\u00f3.<\/p>\n<p>La Secci\u00f3 Espanyola figura inscrita al Registre Nacional d&#8217;Associacions del Ministre de l&#8217;Interior amb el n\u00fam. 8960.<\/p>\n<p>[\/et_pb_text][\/et_pb_column][\/et_pb_row][\/et_pb_section]<\/p>\n","protected":false},"excerpt":{"rendered":"<p>La nostra hist\u00f2riaHist\u00f2ria de la IPA i del seu fundador L&#8217;Associaci\u00f3 va n\u00e9ixer perqu\u00e8 un sergent de la policia de Lincolnshire , Anglaterra, anomenat Arthur Troop , volia crear un [&hellip;]<\/p>\n","protected":false},"author":1,"featured_media":0,"parent":0,"menu_order":0,"comment_status":"closed","ping_status":"closed","template":"","meta":{"_et_pb_use_builder":"on","_et_pb_old_content":"","_et_gb_content_width":"","footnotes":""},"class_list":["post-393653","page","type-page","status-publish","hentry"],"_links":{"self":[{"href":"https:\/\/catalunya.ipa-spain.org\/ca\/wp-json\/wp\/v2\/pages\/393653","targetHints":{"allow":["GET"]}}],"collection":[{"href":"https:\/\/catalunya.ipa-spain.org\/ca\/wp-json\/wp\/v2\/pages"}],"about":[{"href":"https:\/\/catalunya.ipa-spain.org\/ca\/wp-json\/wp\/v2\/types\/page"}],"author":[{"embeddable":true,"href":"https:\/\/catalunya.ipa-spain.org\/ca\/wp-json\/wp\/v2\/users\/1"}],"replies":[{"embeddable":true,"href":"https:\/\/catalunya.ipa-spain.org\/ca\/wp-json\/wp\/v2\/comments?post=393653"}],"version-history":[{"count":2,"href":"https:\/\/catalunya.ipa-spain.org\/ca\/wp-json\/wp\/v2\/pages\/393653\/revisions"}],"predecessor-version":[{"id":393656,"href":"https:\/\/catalunya.ipa-spain.org\/ca\/wp-json\/wp\/v2\/pages\/393653\/revisions\/393656"}],"wp:attachment":[{"href":"https:\/\/catalunya.ipa-spain.org\/ca\/wp-json\/wp\/v2\/media?parent=393653"}],"curies":[{"name":"wp","href":"https:\/\/api.w.org\/{rel}","templated":true}]}}