{"id":393604,"date":"2024-06-03T09:50:02","date_gmt":"2024-06-03T09:50:02","guid":{"rendered":"https:\/\/catalunya.ipa-spain.org\/seccio-nacional\/"},"modified":"2024-11-04T13:03:36","modified_gmt":"2024-11-04T13:03:36","slug":"seccio-nacional","status":"publish","type":"page","link":"https:\/\/catalunya.ipa-spain.org\/ca\/seccio-nacional\/","title":{"rendered":"Secci\u00f3 Nacional"},"content":{"rendered":"<p>[et_pb_section fb_built=&#8221;1&#8243; admin_label=&#8221;Header&#8221; _builder_version=&#8221;4.27.0&#8243; background_color=&#8221;#0c71c3&#8243; use_background_color_gradient=&#8221;on&#8221; background_color_gradient_stops=&#8221;rgba(0,0,0,0.5) 0%|rgba(0,0,0,0.5) 100%&#8221; background_color_gradient_overlays_image=&#8221;on&#8221; background_color_gradient_start=&#8221;rgba(0,0,0,0.5)&#8221; background_color_gradient_end=&#8221;rgba(0,0,0,0.5)&#8221; background_enable_image=&#8221;off&#8221; custom_padding=&#8221;||||false|false&#8221; bottom_divider_height=&#8221;16px&#8221; hover_enabled=&#8221;0&#8243; global_colors_info=&#8221;{}&#8221; sticky_enabled=&#8221;0&#8243;][et_pb_row column_structure=&#8221;1_2,1_2&#8243; _builder_version=&#8221;4.16&#8243; global_colors_info=&#8221;{}&#8221;][et_pb_column type=&#8221;1_2&#8243; _builder_version=&#8221;4.16&#8243; global_colors_info=&#8221;{}&#8221;][et_pb_text _builder_version=&#8221;4.26.0&#8243; header_font=&#8221;Kanit|500|||||||&#8221; header_font_size=&#8221;2vw&#8221; header_line_height=&#8221;1.1em&#8221; background_layout=&#8221;dark&#8221; max_width=&#8221;795px&#8221; module_alignment=&#8221;center&#8221; header_text_align_tablet=&#8221;&#8221; header_text_align_phone=&#8221;center&#8221; header_text_align_last_edited=&#8221;on|phone&#8221; header_font_size_tablet=&#8221;42px&#8221; header_font_size_phone=&#8221;36px&#8221; header_font_size_last_edited=&#8221;on|desktop&#8221; locked=&#8221;off&#8221; global_colors_info=&#8221;{}&#8221;]<\/p>\n<h1>Secci\u00f3 Nacional<\/h1>\n<p>[\/et_pb_text][\/et_pb_column][et_pb_column type=&#8221;1_2&#8243; _builder_version=&#8221;4.16&#8243; global_colors_info=&#8221;{}&#8221;][\/et_pb_column][\/et_pb_row][\/et_pb_section][et_pb_section fb_built=&#8221;1&#8243; _builder_version=&#8221;4.26.0&#8243; _module_preset=&#8221;default&#8221; custom_padding=&#8221;||53px|||&#8221; global_colors_info=&#8221;{}&#8221;][et_pb_row use_custom_gutter=&#8221;on&#8221; gutter_width=&#8221;2&#8243; custom_padding_last_edited=&#8221;on|tablet&#8221; _builder_version=&#8221;4.26.0&#8243; _module_preset=&#8221;default&#8221; width=&#8221;90%&#8221; max_width=&#8221;1170px&#8221; custom_padding=&#8221;50px||||false|false&#8221; custom_padding_tablet=&#8221;30px||||false|false&#8221; custom_padding_phone=&#8221;30px||||false|false&#8221; global_colors_info=&#8221;{}&#8221;][et_pb_column type=&#8221;4_4&#8243; _builder_version=&#8221;4.26.0&#8243; _module_preset=&#8221;default&#8221; global_colors_info=&#8221;{}&#8221;][et_pb_text _builder_version=&#8221;4.26.0&#8243; _module_preset=&#8221;default&#8221; global_colors_info=&#8221;{}&#8221;]<\/p>\n<p>Els \u00d2rgans rectors de la <strong>Secci\u00f3<\/strong> s\u00f3n:<br \/><strong>Assemblea Nacional<\/strong> o <strong>General<\/strong> \u00e9s l&#8217;\u00f2rgan suprem de l&#8217;Associaci\u00f3, s&#8217;hi troben tots els \u00d2rgans de representaci\u00f3 que componen la Secci\u00f3 Nacional. Els representants dels associats, reunits a Assemblea Nacional legalment constitu\u00efda, decideixen per majoria els assumptes propis de la compet\u00e8ncia de l&#8217;Assemblea.<br \/>La seva composici\u00f3 \u00e9s:<br \/>\u2022 <strong>Junta de la Secci\u00f3 Nacional.<\/strong><br \/>\u2022 Un <strong>representant de cada Comunitat Auton\u00f2mica<\/strong>, (forma part del Comit\u00e8 Executiu Nacional).<br \/>\u2022 Un <strong>delegat<\/strong> per cada 150 socis o fracci\u00f3 superior al cinquanta per cent (50%) d&#8217;una comunitat auton\u00f2mica <br \/><strong>Comit\u00e8 Executiu Nacional (C.E.N.)<\/strong>, que \u00e9s l&#8217;\u00f2rgan de govern entre Assemblees.<br \/><strong>Junta de la Secci\u00f3 Nacional<\/strong>, formada per:<br \/>\u2022 President<br \/>\u2022 1r Vicepresident<br \/>\u2022 2n Vicepresident<br \/>\u2022 3r Vicepresident<br \/>\u2022 Secretari Nacional<br \/>\u2022 Vicesecretari<br \/>\u2022 Tresorer Nacional<br \/>\u2022 Vicetesorer<\/p>\n<p>[\/et_pb_text][\/et_pb_column][\/et_pb_row][et_pb_row column_structure=&#8221;1_4,1_4,1_4,1_4&#8243; use_custom_gutter=&#8221;on&#8221; gutter_width=&#8221;2&#8243; _builder_version=&#8221;4.27.0&#8243; _module_preset=&#8221;default&#8221; width=&#8221;90%&#8221; max_width=&#8221;90%&#8221; global_colors_info=&#8221;{}&#8221;][et_pb_column type=&#8221;1_4&#8243; _builder_version=&#8221;4.27.0&#8243; _module_preset=&#8221;default&#8221; global_colors_info=&#8221;{}&#8221;][\/et_pb_column][et_pb_column type=&#8221;1_4&#8243; _builder_version=&#8221;4.27.0&#8243; _module_preset=&#8221;default&#8221; global_colors_info=&#8221;{}&#8221;][et_pb_button button_url=&#8221;https:\/\/catalunya.ipa-spain.org\/ca\/comunitats-autonomes\/&#8221; button_text=&#8221;Veure secci\u00f3 Comunitats Aut\u00f2nomes&#8221; button_alignment=&#8221;center&#8221; _builder_version=&#8221;4.27.0&#8243; _module_preset=&#8221;default&#8221; custom_button=&#8221;on&#8221; button_text_size=&#8221;18px&#8221; button_text_color=&#8221;#FFFFFF&#8221; button_bg_color=&#8221;#003566&#8243; hover_enabled=&#8221;0&#8243; custom_css_main_element=&#8221;min-width: 100%;&#8221; global_colors_info=&#8221;{}&#8221; button_bg_color__hover=&#8221;#0C71C3&#8243; button_bg_color__hover_enabled=&#8221;on|hover&#8221; sticky_enabled=&#8221;0&#8243;][\/et_pb_button][\/et_pb_column][et_pb_column type=&#8221;1_4&#8243; _builder_version=&#8221;4.27.0&#8243; _module_preset=&#8221;default&#8221; global_colors_info=&#8221;{}&#8221;][et_pb_button button_url=&#8221;https:\/\/catalunya.ipa-spain.org\/ca\/agrupacions-locals\/&#8221; button_text=&#8221;Veure secci\u00f3 Agrupacions locals&#8221; button_alignment=&#8221;center&#8221; _builder_version=&#8221;4.27.0&#8243; _module_preset=&#8221;default&#8221; custom_button=&#8221;on&#8221; button_text_size=&#8221;18px&#8221; button_text_color=&#8221;#FFFFFF&#8221; button_bg_color=&#8221;#003566&#8243; hover_enabled=&#8221;0&#8243; custom_css_main_element=&#8221;min-width: 100%;&#8221; global_colors_info=&#8221;{}&#8221; button_bg_color__hover=&#8221;#0C71C3&#8243; button_bg_color__hover_enabled=&#8221;on|hover&#8221; sticky_enabled=&#8221;0&#8243;][\/et_pb_button][\/et_pb_column][et_pb_column type=&#8221;1_4&#8243; _builder_version=&#8221;4.27.0&#8243; _module_preset=&#8221;default&#8221; global_colors_info=&#8221;{}&#8221;][\/et_pb_column][\/et_pb_row][\/et_pb_section]<\/p>\n","protected":false},"excerpt":{"rendered":"<p>Secci\u00f3 NacionalEls \u00d2rgans rectors de la Secci\u00f3 s\u00f3n:Assemblea Nacional o General \u00e9s l&#8217;\u00f2rgan suprem de l&#8217;Associaci\u00f3, s&#8217;hi troben tots els \u00d2rgans de representaci\u00f3 que componen la Secci\u00f3 Nacional. Els representants [&hellip;]<\/p>\n","protected":false},"author":1,"featured_media":0,"parent":0,"menu_order":0,"comment_status":"closed","ping_status":"closed","template":"","meta":{"_et_pb_use_builder":"on","_et_pb_old_content":"","_et_gb_content_width":"","footnotes":""},"class_list":["post-393604","page","type-page","status-publish","hentry"],"_links":{"self":[{"href":"https:\/\/catalunya.ipa-spain.org\/ca\/wp-json\/wp\/v2\/pages\/393604","targetHints":{"allow":["GET"]}}],"collection":[{"href":"https:\/\/catalunya.ipa-spain.org\/ca\/wp-json\/wp\/v2\/pages"}],"about":[{"href":"https:\/\/catalunya.ipa-spain.org\/ca\/wp-json\/wp\/v2\/types\/page"}],"author":[{"embeddable":true,"href":"https:\/\/catalunya.ipa-spain.org\/ca\/wp-json\/wp\/v2\/users\/1"}],"replies":[{"embeddable":true,"href":"https:\/\/catalunya.ipa-spain.org\/ca\/wp-json\/wp\/v2\/comments?post=393604"}],"version-history":[{"count":2,"href":"https:\/\/catalunya.ipa-spain.org\/ca\/wp-json\/wp\/v2\/pages\/393604\/revisions"}],"predecessor-version":[{"id":393606,"href":"https:\/\/catalunya.ipa-spain.org\/ca\/wp-json\/wp\/v2\/pages\/393604\/revisions\/393606"}],"wp:attachment":[{"href":"https:\/\/catalunya.ipa-spain.org\/ca\/wp-json\/wp\/v2\/media?parent=393604"}],"curies":[{"name":"wp","href":"https:\/\/api.w.org\/{rel}","templated":true}]}}