{"id":393595,"date":"2024-07-29T08:36:56","date_gmt":"2024-07-29T08:36:56","guid":{"rendered":"https:\/\/catalunya.ipa-spain.org\/junta-nacional-y-c-e-n\/"},"modified":"2026-02-09T18:18:49","modified_gmt":"2026-02-09T18:18:49","slug":"junta-nacional-y-c-e-n","status":"publish","type":"page","link":"https:\/\/catalunya.ipa-spain.org\/ca\/junta-nacional-y-c-e-n\/","title":{"rendered":"Junta Nacional y C.E.N"},"content":{"rendered":"<p>[et_pb_section fb_built=&#8221;1&#8243; admin_label=&#8221;Header&#8221; _builder_version=&#8221;4.27.0&#8243; background_color=&#8221;#0c71c3&#8243; use_background_color_gradient=&#8221;on&#8221; background_color_gradient_stops=&#8221;rgba(0,0,0,0.5) 0%|rgba(0,0,0,0.5) 100%&#8221; background_color_gradient_overlays_image=&#8221;on&#8221; background_color_gradient_start=&#8221;rgba(0,0,0,0.5)&#8221; background_color_gradient_end=&#8221;rgba(0,0,0,0.5)&#8221; background_enable_image=&#8221;off&#8221; custom_padding=&#8221;||||false|false&#8221; bottom_divider_height=&#8221;16px&#8221; global_colors_info=&#8221;{}&#8221;][et_pb_row _builder_version=&#8221;4.27.0&#8243; global_colors_info=&#8221;{}&#8221;][et_pb_column type=&#8221;4_4&#8243; _builder_version=&#8221;4.16&#8243; global_colors_info=&#8221;{}&#8221;][et_pb_text _builder_version=&#8221;4.27.5&#8243; header_font=&#8221;Kanit|500|||||||&#8221; header_font_size=&#8221;2vw&#8221; header_line_height=&#8221;1.1em&#8221; background_layout=&#8221;dark&#8221; module_alignment=&#8221;center&#8221; custom_margin=&#8221;||||false|false&#8221; custom_padding=&#8221;||||false|false&#8221; hover_enabled=&#8221;0&#8243; header_text_align_tablet=&#8221;&#8221; header_text_align_phone=&#8221;center&#8221; header_text_align_last_edited=&#8221;on|phone&#8221; header_font_size_tablet=&#8221;42px&#8221; header_font_size_phone=&#8221;36px&#8221; header_font_size_last_edited=&#8221;on|desktop&#8221; locked=&#8221;off&#8221; global_colors_info=&#8221;{}&#8221; sticky_enabled=&#8221;0&#8243;]<\/p>\n<h1 style=\"text-align: left\">Junta Nacional i Comit\u00e8 Executiu Nacional (C.E.N.)<\/h1>\n<div id=\"simple-translate\" class=\"simple-translate-system-theme\">\n<div>\n<div class=\"simple-translate-button \" style=\"height: 22px;width: 22px;top: 10px;left: 10px\"><\/div>\n<div class=\"simple-translate-panel isShow\" style=\"width: 136px;height: 50px;top: 223px;left: 79.6172px;font-size: 13px\">\n<div class=\"simple-translate-result-wrapper\" style=\"overflow: hidden\">\n<div class=\"simple-translate-move\"><\/div>\n<div class=\"simple-translate-result-contents\">\n<p class=\"simple-translate-result\" dir=\"auto\">shareal and C.E.N<\/p>\n<p class=\"simple-translate-candidate\" dir=\"auto\">\n<\/div>\n<\/div>\n<\/div>\n<\/div>\n<\/div>\n<p>[\/et_pb_text][\/et_pb_column][\/et_pb_row][\/et_pb_section][et_pb_section fb_built=&#8221;1&#8243; _builder_version=&#8221;4.26.0&#8243; _module_preset=&#8221;default&#8221; background_enable_image=&#8221;off&#8221; background_size=&#8221;custom&#8221; global_colors_info=&#8221;{}&#8221;][et_pb_row _builder_version=&#8221;4.25.2&#8243; _module_preset=&#8221;default&#8221; global_colors_info=&#8221;{}&#8221;][et_pb_column type=&#8221;4_4&#8243; _builder_version=&#8221;4.25.2&#8243; _module_preset=&#8221;default&#8221; global_colors_info=&#8221;{}&#8221;][et_pb_text _builder_version=&#8221;4.27.0&#8243; _module_preset=&#8221;default&#8221; global_colors_info=&#8221;{}&#8221;]<\/p>\n<p>La<strong> Junta Nacional<\/strong> t\u00e9 les seg\u00fcents funcions:<\/p>\n<ul>\n<li>Representa la <strong><em>International Police Association<\/em><\/strong> ( <strong>PA<\/strong> ) <strong>Secci\u00f3 Espanyola<\/strong> en assumptes nacionals i internacionals, sent responsable davant l&#8217; <strong>Assemblea Nacional<\/strong> i el <strong>Comit\u00e8 Executiu Nacional<\/strong> ( <strong>C.<\/strong> <strong>E.<\/strong> <strong>N.<\/strong> ).<\/li>\n<li>Ostenta i exerceix la representaci\u00f3 de l&#8217;Associaci\u00f3, dirigint l&#8217;administraci\u00f3 d&#8217;acord amb els <u>Estatuts Nacionals<\/u> i amb la <u>Llei d&#8217;Associacions<\/u> , i complint les decisions de l&#8217; <strong>Assemblea Nacional<\/strong> .<\/li>\n<li>Pren els acords necessaris per compar\u00e8ixer davant d&#8217;organismes p\u00fablics, exercir accions legals i interposar recursos.<\/li>\n<li>Presenta a l&#8217;<strong>Assemblea Nacional<\/strong> el balan\u00e7 de gesti\u00f3.<\/li>\n<li>Proposa a l&#8217;<strong>Assemblea Nacional<\/strong> la defensa dels interessos de l&#8217;Associaci\u00f3.<\/li>\n<li>Convoca les <u>Assemblees Nacionals<\/u> i supervisa el compliment dels acords.<\/li>\n<li>Elabora la mem\u00f2ria anual d&#8217;activitats i la presenta a l&#8217;Assemblea Nacional i al CEN<\/li>\n<\/ul>\n<p>[\/et_pb_text][et_pb_text _builder_version=&#8221;4.27.0&#8243; _module_preset=&#8221;default&#8221; global_colors_info=&#8221;{}&#8221;]<\/p>\n<p>El <strong>Comit\u00e8 Executiu Nacional<\/strong> ( <strong>C.<\/strong> <strong>E<\/strong> . <strong>N<\/strong> .), \u00e9s l&#8217;\u00f2rgan de govern entre Assemblees. Dins les seves compet\u00e8ncies es troben: <\/p>\n<ul>\n<li>Ser informat dels expedients disciplinaris tramitats i executats per la Junta de la Secci\u00f3 Nacional.<\/li>\n<li>Discussi\u00f3 dels assumptes que afecten la marxa i el r\u00e8gim de la secci\u00f3 i de les mocions que figurin l&#8217;ordre del dia, adoptant les resolucions pertinents.<\/li>\n<li>Per a l&#8217;adopci\u00f3 d&#8217;acords, al C.E.N., cal seguir el procediment establert a l&#8217;article 5 del Reglament de l&#8217;Assemblea.<\/li>\n<li>Igual que els acords presos per l&#8217;Assemblea General, les decisions adoptades pel CEN afectaran tots els estaments i membres de la Secci\u00f3 Espanyola, sent aquestes resolucions de compliment obligat.<\/li>\n<\/ul>\n<p>[\/et_pb_text][et_pb_text _builder_version=&#8221;4.27.0&#8243; _module_preset=&#8221;default&#8221; global_colors_info=&#8221;{}&#8221;]<\/p>\n<p>El <strong>C.E.N<\/strong>. est\u00e0 compost per: <\/p>\n<ul>\n<li>Els membres de la Junta de la Secci\u00f3 Nacional.<\/li>\n<li>Un representant de cada Junta de Comunitat, elegits per cadascuna de les Juntes esmentades entre els seus membres.<\/li>\n<\/ul>\n<p>[\/et_pb_text][\/et_pb_column][\/et_pb_row][\/et_pb_section]<\/p>\n","protected":false},"excerpt":{"rendered":"<p>Junta Nacional i Comit\u00e8 Executiu Nacional (C.E.N.) shareal and C.E.N La Junta Nacional t\u00e9 les seg\u00fcents funcions: Representa la International Police Association ( PA ) Secci\u00f3 Espanyola en assumptes nacionals [&hellip;]<\/p>\n","protected":false},"author":1,"featured_media":0,"parent":0,"menu_order":0,"comment_status":"closed","ping_status":"closed","template":"","meta":{"_et_pb_use_builder":"on","_et_pb_old_content":"","_et_gb_content_width":"","footnotes":""},"class_list":["post-393595","page","type-page","status-publish","hentry"],"_links":{"self":[{"href":"https:\/\/catalunya.ipa-spain.org\/ca\/wp-json\/wp\/v2\/pages\/393595","targetHints":{"allow":["GET"]}}],"collection":[{"href":"https:\/\/catalunya.ipa-spain.org\/ca\/wp-json\/wp\/v2\/pages"}],"about":[{"href":"https:\/\/catalunya.ipa-spain.org\/ca\/wp-json\/wp\/v2\/types\/page"}],"author":[{"embeddable":true,"href":"https:\/\/catalunya.ipa-spain.org\/ca\/wp-json\/wp\/v2\/users\/1"}],"replies":[{"embeddable":true,"href":"https:\/\/catalunya.ipa-spain.org\/ca\/wp-json\/wp\/v2\/comments?post=393595"}],"version-history":[{"count":3,"href":"https:\/\/catalunya.ipa-spain.org\/ca\/wp-json\/wp\/v2\/pages\/393595\/revisions"}],"predecessor-version":[{"id":394628,"href":"https:\/\/catalunya.ipa-spain.org\/ca\/wp-json\/wp\/v2\/pages\/393595\/revisions\/394628"}],"wp:attachment":[{"href":"https:\/\/catalunya.ipa-spain.org\/ca\/wp-json\/wp\/v2\/media?parent=393595"}],"curies":[{"name":"wp","href":"https:\/\/api.w.org\/{rel}","templated":true}]}}