{"id":393592,"date":"2024-07-29T09:01:19","date_gmt":"2024-07-29T09:01:19","guid":{"rendered":"https:\/\/catalunya.ipa-spain.org\/intercanvis-i-collaboracions\/"},"modified":"2024-11-04T12:12:25","modified_gmt":"2024-11-04T12:12:25","slug":"intercanvis-i-collaboracions","status":"publish","type":"page","link":"https:\/\/catalunya.ipa-spain.org\/ca\/intercanvis-i-collaboracions\/","title":{"rendered":"Intercanvis i col\u00b7laboracions"},"content":{"rendered":"<p>[et_pb_section fb_built=&#8221;1&#8243; admin_label=&#8221;Header&#8221; _builder_version=&#8221;4.27.0&#8243; background_color=&#8221;#0c71c3&#8243; use_background_color_gradient=&#8221;on&#8221; background_color_gradient_stops=&#8221;rgba(0,0,0,0.5) 0%|rgba(0,0,0,0.5) 100%&#8221; background_color_gradient_overlays_image=&#8221;on&#8221; background_color_gradient_start=&#8221;rgba(0,0,0,0.5)&#8221; background_color_gradient_end=&#8221;rgba(0,0,0,0.5)&#8221; background_enable_image=&#8221;off&#8221; custom_padding=&#8221;||||false|false&#8221; bottom_divider_height=&#8221;16px&#8221; hover_enabled=&#8221;0&#8243; global_colors_info=&#8221;{}&#8221; sticky_enabled=&#8221;0&#8243;][et_pb_row column_structure=&#8221;3_5,2_5&#8243; _builder_version=&#8221;4.26.0&#8243; global_colors_info=&#8221;{}&#8221;][et_pb_column type=&#8221;3_5&#8243; _builder_version=&#8221;4.16&#8243; global_colors_info=&#8221;{}&#8221;][et_pb_text _builder_version=&#8221;4.27.0&#8243; header_font=&#8221;Kanit|500|||||||&#8221; header_font_size=&#8221;2vw&#8221; header_line_height=&#8221;1.1em&#8221; background_layout=&#8221;dark&#8221; max_width=&#8221;795px&#8221; module_alignment=&#8221;center&#8221; custom_margin=&#8221;||||false|false&#8221; custom_padding=&#8221;||||false|false&#8221; header_text_align_tablet=&#8221;&#8221; header_text_align_phone=&#8221;center&#8221; header_text_align_last_edited=&#8221;on|phone&#8221; header_font_size_tablet=&#8221;42px&#8221; header_font_size_phone=&#8221;36px&#8221; header_font_size_last_edited=&#8221;on|desktop&#8221; locked=&#8221;off&#8221; global_colors_info=&#8221;{}&#8221;]<\/p>\n<h1 style=\"text-align: left;\">Intercanvis i col\u00b7laboracions<\/h1>\n<p>[\/et_pb_text][\/et_pb_column][et_pb_column type=&#8221;2_5&#8243; _builder_version=&#8221;4.16&#8243; global_colors_info=&#8221;{}&#8221;][\/et_pb_column][\/et_pb_row][\/et_pb_section][et_pb_section fb_built=&#8221;1&#8243; _builder_version=&#8221;4.26.0&#8243; _module_preset=&#8221;default&#8221; background_enable_image=&#8221;off&#8221; background_size=&#8221;custom&#8221; global_colors_info=&#8221;{}&#8221;][et_pb_row _builder_version=&#8221;4.27.0&#8243; _module_preset=&#8221;default&#8221; global_colors_info=&#8221;{}&#8221;][et_pb_column type=&#8221;4_4&#8243; _builder_version=&#8221;4.25.2&#8243; _module_preset=&#8221;default&#8221; global_colors_info=&#8221;{}&#8221;][et_pb_text _builder_version=&#8221;4.27.0&#8243; _module_preset=&#8221;default&#8221; global_colors_info=&#8221;{}&#8221;]<\/p>\n<p><strong><em>International Police Association<\/em><\/strong> <strong>(IPA) d&#8217;Espanya<\/strong> promou activament els intercanvis i les col\u00b7laboracions entre els seus membres i amb altres seccions nacionals. Alguns dels programes i iniciatives destacades s\u00f3n: <\/p>\n<ul>\n<li><strong>Programa<\/strong> <strong>Internacional de Trobades Juvenils<\/strong>: Coordinat per IPA-IAC, permet que els fills dels socis experimentin una altra cultura allotjant-se en fam\u00edlies, fomentant l&#8217;amistat, l&#8217;estima i l&#8217;educaci\u00f3 social, ling\u00fc\u00edstica, geogr\u00e0fica i hist\u00f2rica. Cal presentar les sol\u00b7licituds amb un any d&#8217;antelaci\u00f3 a trav\u00e9s de la secretaria. <\/li>\n<li><strong>Programa<\/strong> <strong>Internacional d&#8217;Intercanvis Juvenils<\/strong>: Hi ha internacionalment un programa d&#8217;intercanvis per als fills de membres d&#8217;IPA. Els formularis i q\u00fcestionaris es poden descarregar a la web i enviar-se per correu electr\u00f2nic a la secretaria. <\/li>\n<li><strong>Celebraci\u00f3<\/strong> <strong>anual del Dia del Soci<\/strong>: Esdeveniment que fomenta els contactes i relacions entre els membres d&#8217;<strong>IPA Espa\u00f1a<\/strong>, als diferents estaments.<\/li>\n<li><strong>Intercanvis<\/strong> <strong>i visites<\/strong>: S&#8217;hi organitzen visites, assist\u00e8ncia a fires, jornades, assemblees i trobades amb altres seccions nacionals i internacionals d&#8217;<strong>IPA<\/strong>.<\/li>\n<li><strong>Centre<\/strong><strong> Internacional d&#8217;Estudis i Formaci\u00f3 de Gimborn (IBZ)<\/strong>: Ubicat a Alemanya, \u00e9s un centre de confer\u00e8ncies on es reuneixen policies de tot el m\u00f3n per intercanviar experi\u00e8ncies i formar-se conjuntament. Cada any acull uns 2500 participants, majorit\u00e0riament d&#8217;altres pa\u00efsos. <\/li>\n<\/ul>\n<p>&nbsp;<\/p>\n<p>[\/et_pb_text][\/et_pb_column][\/et_pb_row][\/et_pb_section]<\/p>\n","protected":false},"excerpt":{"rendered":"<p>Intercanvis i col\u00b7laboracionsInternational Police Association (IPA) d&#8217;Espanya promou activament els intercanvis i les col\u00b7laboracions entre els seus membres i amb altres seccions nacionals. Alguns dels programes i iniciatives destacades s\u00f3n: [&hellip;]<\/p>\n","protected":false},"author":1,"featured_media":0,"parent":0,"menu_order":0,"comment_status":"closed","ping_status":"closed","template":"","meta":{"_et_pb_use_builder":"on","_et_pb_old_content":"","_et_gb_content_width":"","footnotes":""},"class_list":["post-393592","page","type-page","status-publish","hentry"],"_links":{"self":[{"href":"https:\/\/catalunya.ipa-spain.org\/ca\/wp-json\/wp\/v2\/pages\/393592","targetHints":{"allow":["GET"]}}],"collection":[{"href":"https:\/\/catalunya.ipa-spain.org\/ca\/wp-json\/wp\/v2\/pages"}],"about":[{"href":"https:\/\/catalunya.ipa-spain.org\/ca\/wp-json\/wp\/v2\/types\/page"}],"author":[{"embeddable":true,"href":"https:\/\/catalunya.ipa-spain.org\/ca\/wp-json\/wp\/v2\/users\/1"}],"replies":[{"embeddable":true,"href":"https:\/\/catalunya.ipa-spain.org\/ca\/wp-json\/wp\/v2\/comments?post=393592"}],"version-history":[{"count":2,"href":"https:\/\/catalunya.ipa-spain.org\/ca\/wp-json\/wp\/v2\/pages\/393592\/revisions"}],"predecessor-version":[{"id":393594,"href":"https:\/\/catalunya.ipa-spain.org\/ca\/wp-json\/wp\/v2\/pages\/393592\/revisions\/393594"}],"wp:attachment":[{"href":"https:\/\/catalunya.ipa-spain.org\/ca\/wp-json\/wp\/v2\/media?parent=393592"}],"curies":[{"name":"wp","href":"https:\/\/api.w.org\/{rel}","templated":true}]}}