{"id":393586,"date":"2024-06-16T09:24:45","date_gmt":"2024-06-16T09:24:45","guid":{"rendered":"https:\/\/catalunya.ipa-spain.org\/estructura-i-organitzacio\/"},"modified":"2026-02-16T08:54:41","modified_gmt":"2026-02-16T08:54:41","slug":"estructura-i-organitzacio","status":"publish","type":"page","link":"https:\/\/catalunya.ipa-spain.org\/ca\/estructura-i-organitzacio\/","title":{"rendered":"Estructura i organitzaci\u00f3"},"content":{"rendered":"<p>[et_pb_section fb_built=&#8221;1&#8243; admin_label=&#8221;Header&#8221; _builder_version=&#8221;4.27.0&#8243; background_color=&#8221;#0c71c3&#8243; use_background_color_gradient=&#8221;on&#8221; background_color_gradient_stops=&#8221;rgba(0,0,0,0.5) 0%|rgba(0,0,0,0.5) 100%&#8221; background_color_gradient_overlays_image=&#8221;on&#8221; background_color_gradient_start=&#8221;rgba(0,0,0,0.5)&#8221; background_color_gradient_end=&#8221;rgba(0,0,0,0.5)&#8221; background_enable_image=&#8221;off&#8221; custom_padding=&#8221;||||false|false&#8221; bottom_divider_height=&#8221;16px&#8221; global_colors_info=&#8221;{}&#8221;][et_pb_row column_structure=&#8221;1_2,1_2&#8243; _builder_version=&#8221;4.16&#8243; global_colors_info=&#8221;{}&#8221;][et_pb_column type=&#8221;1_2&#8243; _builder_version=&#8221;4.16&#8243; global_colors_info=&#8221;{}&#8221;][et_pb_text _builder_version=&#8221;4.27.0&#8243; header_font=&#8221;Kanit|500|||||||&#8221; header_font_size=&#8221;2vw&#8221; header_line_height=&#8221;1.1em&#8221; background_layout=&#8221;dark&#8221; max_width=&#8221;795px&#8221; module_alignment=&#8221;center&#8221; header_text_align_tablet=&#8221;&#8221; header_text_align_phone=&#8221;center&#8221; header_text_align_last_edited=&#8221;on|phone&#8221; header_font_size_tablet=&#8221;42px&#8221; header_font_size_phone=&#8221;36px&#8221; header_font_size_last_edited=&#8221;on|desktop&#8221; locked=&#8221;off&#8221; global_colors_info=&#8221;{}&#8221;]<\/p>\n<h1>Estructura i organitzaci\u00f3<\/h1>\n<p>[\/et_pb_text][\/et_pb_column][et_pb_column type=&#8221;1_2&#8243; _builder_version=&#8221;4.16&#8243; global_colors_info=&#8221;{}&#8221;][\/et_pb_column][\/et_pb_row][\/et_pb_section][et_pb_section fb_built=&#8221;1&#8243; disabled_on=&#8221;off|off|off&#8221; _builder_version=&#8221;4.16&#8243; _module_preset=&#8221;default&#8221; global_colors_info=&#8221;{}&#8221;][et_pb_row _builder_version=&#8221;4.26.0&#8243; _module_preset=&#8221;default&#8221; global_colors_info=&#8221;{}&#8221;][et_pb_column type=&#8221;4_4&#8243; _builder_version=&#8221;4.26.0&#8243; _module_preset=&#8221;default&#8221; global_colors_info=&#8221;{}&#8221;][et_pb_text _builder_version=&#8221;4.27.5&#8243; _module_preset=&#8221;default&#8221; hover_enabled=&#8221;0&#8243; global_colors_info=&#8221;{}&#8221; sticky_enabled=&#8221;0&#8243;]La <strong>I.P.A.<\/strong> a <strong>Espanya <\/strong>\u00e9s una organitzaci\u00f3 descentralitzada a nivell regional, amb una estructura nacional que coordina les activitats i representa els m\u00e9s de 14.000 membres entre els Cossos Policials dependents de l&#8217;Estat, Comunitats Aut\u00f2nomes i Policies Locals (Forces i Cossos de Seguretat \u2013 L.O. 2\/1986, de 13 de mar\u00e7).<\/p>\n<p>La <strong>International Police Association (I.P.A.) Secci\u00f3 Espanyola<\/strong> est\u00e0 estructurada d&#8217;acord amb el mapa auton\u00f2mic d&#8217;Espanya, \u00e9s a dir, sobre la base de 19 Comunitats, tal com estableix la <strong>Constituci\u00f3 Espanyola<\/strong> (17 m\u00e9s Ceuta i Melilla) i tantes Agrupacions Locals com es creuen, depenent aquestes de la Comunitat corresponent. Les Agrupacions locals estan subordinades a les Comunitats i aquestes alhora ho estan respecte a la Secci\u00f3 Espanyola.[\/et_pb_text][\/et_pb_column][\/et_pb_row][et_pb_row _builder_version=&#8221;4.26.0&#8243; _module_preset=&#8221;default&#8221; global_colors_info=&#8221;{}&#8221;][et_pb_column type=&#8221;4_4&#8243; _builder_version=&#8221;4.26.0&#8243; _module_preset=&#8221;default&#8221; global_colors_info=&#8221;{}&#8221;][et_pb_text _builder_version=&#8221;4.26.0&#8243; _module_preset=&#8221;default&#8221; global_colors_info=&#8221;{}&#8221;]<\/p>\n<p>Els \u00d2rgans rectors de la <strong>International Police Association (I.P.A.) Secci\u00f3 Espanyola <\/strong>s\u00f3n:<\/p>\n<p>[\/et_pb_text][et_pb_text _builder_version=&#8221;4.27.5&#8243; _module_preset=&#8221;default&#8221; hover_enabled=&#8221;0&#8243; global_colors_info=&#8221;{}&#8221; sticky_enabled=&#8221;0&#8243;]\u2022<strong> Assemblea Nacional<\/strong> de la Secci\u00f3 Espanyola, \u00d2rgan superior de la Secci\u00f3, regulat pels Estatuts.<br \/>\n\u2022 <strong>Comit\u00e8 Executiu Nacional (C.E.N.<\/strong>), que \u00e9s l&#8217;\u00f2rgan de consultiu entre Assemblees.<br \/>\n\u2022 <strong>Junta de la Secci\u00f3 Nacional<\/strong>.<br \/>\n\u2022 <strong>Assemblea de Comunitat<\/strong>, a l&#8217;\u00e0mbit territorial de la seva comunitat.<br \/>\n\u2022 <strong>Junta de Comunitat<\/strong>, a l&#8217;\u00e0mbit territorial de la seva comunitat.<br \/>\n\u2022 <strong>Assemblea d&#8217;Agrupaci\u00f3<\/strong> Local, a l&#8217;\u00e0mbit territorial de la seva regi\u00f3 o poblaci\u00f3.<br \/>\n\u2022<strong> Junta Executiva d&#8217;Agrupaci\u00f3<\/strong> Local, a l&#8217;\u00e0mbit territorial de la seva regi\u00f3 o poblaci\u00f3.[\/et_pb_text][et_pb_text _builder_version=&#8221;4.26.0&#8243; _module_preset=&#8221;default&#8221; global_colors_info=&#8221;{}&#8221;]<\/p>\n<p>Els membres integrants d&#8217;aquests \u00f2rgans nom\u00e9s poden ser electors i elegibles els socis de nombre al corrent de d\u00e8bits. Excepcionalment podran nomenar-se com a membres de les Assemblees, (Nacional, Comunitat o Agrupaci\u00f3 Local) o com a agregats al Comit\u00e8 Executiu Nacional, Junta de Comunitat o Junta d&#8217;Agrupaci\u00f3 Local, persones seleccionades entre els socis col\u00b7laboradors o d&#8217;honor, amb veu per\u00f2 sense vot. <\/p>\n<p>[\/et_pb_text][\/et_pb_column][\/et_pb_row][\/et_pb_section]<\/p>\n","protected":false},"excerpt":{"rendered":"<p>Estructura i organitzaci\u00f3La I.P.A. a Espanya \u00e9s una organitzaci\u00f3 descentralitzada a nivell regional, amb una estructura nacional que coordina les activitats i representa els m\u00e9s de 14.000 membres entre els [&hellip;]<\/p>\n","protected":false},"author":1,"featured_media":0,"parent":0,"menu_order":0,"comment_status":"closed","ping_status":"closed","template":"","meta":{"_et_pb_use_builder":"on","_et_pb_old_content":"","_et_gb_content_width":"","footnotes":""},"class_list":["post-393586","page","type-page","status-publish","hentry"],"_links":{"self":[{"href":"https:\/\/catalunya.ipa-spain.org\/ca\/wp-json\/wp\/v2\/pages\/393586","targetHints":{"allow":["GET"]}}],"collection":[{"href":"https:\/\/catalunya.ipa-spain.org\/ca\/wp-json\/wp\/v2\/pages"}],"about":[{"href":"https:\/\/catalunya.ipa-spain.org\/ca\/wp-json\/wp\/v2\/types\/page"}],"author":[{"embeddable":true,"href":"https:\/\/catalunya.ipa-spain.org\/ca\/wp-json\/wp\/v2\/users\/1"}],"replies":[{"embeddable":true,"href":"https:\/\/catalunya.ipa-spain.org\/ca\/wp-json\/wp\/v2\/comments?post=393586"}],"version-history":[{"count":6,"href":"https:\/\/catalunya.ipa-spain.org\/ca\/wp-json\/wp\/v2\/pages\/393586\/revisions"}],"predecessor-version":[{"id":394810,"href":"https:\/\/catalunya.ipa-spain.org\/ca\/wp-json\/wp\/v2\/pages\/393586\/revisions\/394810"}],"wp:attachment":[{"href":"https:\/\/catalunya.ipa-spain.org\/ca\/wp-json\/wp\/v2\/media?parent=393586"}],"curies":[{"name":"wp","href":"https:\/\/api.w.org\/{rel}","templated":true}]}}