{"id":393569,"date":"2024-06-30T11:06:43","date_gmt":"2024-06-30T11:06:43","guid":{"rendered":"https:\/\/catalunya.ipa-spain.org\/manual-dimatge-corporativa\/"},"modified":"2024-11-04T11:26:51","modified_gmt":"2024-11-04T11:26:51","slug":"manual-dimatge-corporativa","status":"publish","type":"page","link":"https:\/\/catalunya.ipa-spain.org\/ca\/manual-dimatge-corporativa\/","title":{"rendered":"Manual d&#8217;imatge corporativa"},"content":{"rendered":"<p>[et_pb_section fb_built=&#8221;1&#8243; admin_label=&#8221;Header&#8221; _builder_version=&#8221;4.27.0&#8243; background_color=&#8221;#0c71c3&#8243; use_background_color_gradient=&#8221;on&#8221; background_color_gradient_stops=&#8221;rgba(0,0,0,0.5) 0%|rgba(0,0,0,0.5) 100%&#8221; background_color_gradient_overlays_image=&#8221;on&#8221; background_color_gradient_start=&#8221;rgba(0,0,0,0.5)&#8221; background_color_gradient_end=&#8221;rgba(0,0,0,0.5)&#8221; background_enable_image=&#8221;off&#8221; custom_padding=&#8221;||||false|false&#8221; bottom_divider_height=&#8221;16px&#8221; global_colors_info=&#8221;{}&#8221;][et_pb_row _builder_version=&#8221;4.27.0&#8243; global_colors_info=&#8221;{}&#8221;][et_pb_column type=&#8221;4_4&#8243; _builder_version=&#8221;4.16&#8243; global_colors_info=&#8221;{}&#8221;][et_pb_text _builder_version=&#8221;4.27.0&#8243; header_font=&#8221;Kanit|500|||||||&#8221; header_font_size=&#8221;2vw&#8221; header_line_height=&#8221;1.1em&#8221; background_layout=&#8221;dark&#8221; module_alignment=&#8221;center&#8221; header_text_align_tablet=&#8221;&#8221; header_text_align_phone=&#8221;center&#8221; header_text_align_last_edited=&#8221;on|phone&#8221; header_font_size_tablet=&#8221;42px&#8221; header_font_size_phone=&#8221;36px&#8221; header_font_size_last_edited=&#8221;on|desktop&#8221; locked=&#8221;off&#8221; global_colors_info=&#8221;{}&#8221;]<\/p>\n<h1>Manual d&#8217;imatge corporativa<\/h1>\n<p>[\/et_pb_text][\/et_pb_column][\/et_pb_row][\/et_pb_section][et_pb_section fb_built=&#8221;1&#8243; _builder_version=&#8221;4.25.2&#8243; _module_preset=&#8221;default&#8221; global_colors_info=&#8221;{}&#8221;][et_pb_row _builder_version=&#8221;4.27.2&#8243; _module_preset=&#8221;default&#8221; column_structure=&#8221;1_2,1_2&#8243; border_width_bottom=&#8221;1px&#8221; border_color_bottom=&#8221;#000000&#8243; hover_enabled=&#8221;0&#8243; sticky_enabled=&#8221;0&#8243;][et_pb_column _builder_version=&#8221;4.27.2&#8243; _module_preset=&#8221;default&#8221; type=&#8221;1_2&#8243;][et_pb_text _builder_version=&#8221;4.27.0&#8243; _module_preset=&#8221;default&#8221; global_colors_info=&#8221;{}&#8221;]El logotip de l&#8217;Associaci\u00f3 Internacional de Policia \u00e9s la pe\u00e7a central de la identitat de la nostra organitzaci\u00f3 i s&#8217;ha mantingut relativament sense canvis des que es va fundar l&#8217;API el 1950. La versi\u00f3 original del logotip va ser dibuixada a m\u00e0 pel fundador de l&#8217;API, Arthur Troop, el 1950, i encara que Encara s&#8217;havia establert b\u00e9 durant els primers anys de l&#8217;associaci\u00f3, no va ser adoptat com a emblema oficial de la IPA fins al primer Congr\u00e9s Mundial a Par\u00eds, Fran\u00e7a, el 1955, on es va debatre m\u00e9s a fons que qualsevol altre tema de l?agenda. Arthur Troop va prestar una atenci\u00f3 immensa als detalls quan va dissenyar el logotip de la IPA, ja que necessitava assegurar-se que cada element represent\u00e9s amb precisi\u00f3 el que representa la IPA i quins s\u00f3n els seus objectius com a organitzaci\u00f3 d&#8217;amistat internacional. El globus central mostra l\u201fabast mundial de l\u201fassociaci\u00f3 i la unitat dels agents de policia de tot el m\u00f3n. L&#8217;estrella de vuit puntes s&#8217;utilitza com a fons per a la majoria de les ins\u00edgnies de cascos de policia al Regne Unit. L&#8217;efecte es completa amb els rotllos de llorer a banda i banda de la ins\u00edgnia, amb el pergam\u00ed a la base que mostra el lema d&#8217;IPA. El llenguatge del lema de l&#8217;associaci\u00f3 va ser molt debatut durant el Congr\u00e9s Mundial del 1955, per\u00f2 finalment Arthur Troop va decidir contactar amb Bob Hamilton, membre de l&#8217;API i expert en l&#8217;idioma internacional de l&#8217;esperanto, que va traduir el lema que ha estat igual des de llavors . El lema triat per a l&#8217;associaci\u00f3 va ser &#8216;Serve per Amikeco&#8217;, i es tradueix directament a l&#8217;angl\u00e8s com a &#8216;Servei a trav\u00e9s de l&#8217;amistat&#8217;.[\/et_pb_text][\/et_pb_column][et_pb_column _builder_version=&#8221;4.27.2&#8243; _module_preset=&#8221;default&#8221; type=&#8221;1_2&#8243;][et_pb_image src=&#8221;https:\/\/catalunya.ipa-spain.org\/wp-content\/uploads\/sites\/9\/2024\/08\/originallogo.png&#8221; title_text=&#8221;originallogo&#8221; align=&#8221;center&#8221; _builder_version=&#8221;4.27.2&#8243; _module_preset=&#8221;default&#8221; width=&#8221;50%&#8221; hover_enabled=&#8221;0&#8243; global_colors_info=&#8221;{}&#8221; sticky_enabled=&#8221;0&#8243;][\/et_pb_image][et_pb_text _builder_version=&#8221;4.27.0&#8243; _module_preset=&#8221;default&#8221; global_colors_info=&#8221;{}&#8221;]<\/p>\n<p style=\"text-align: center;\">Dibuix original d&#8217;Arthur Troop del logotip d&#8217;IPA<\/p>\n<p>[\/et_pb_text][\/et_pb_column][\/et_pb_row][et_pb_row _builder_version=&#8221;4.27.2&#8243; _module_preset=&#8221;default&#8221; column_structure=&#8221;1_2,1_2&#8243; border_width_bottom=&#8221;1px&#8221; hover_enabled=&#8221;0&#8243; sticky_enabled=&#8221;0&#8243;][et_pb_column _builder_version=&#8221;4.27.2&#8243; _module_preset=&#8221;default&#8221; type=&#8221;1_2&#8243;][et_pb_text _builder_version=&#8221;4.27.0&#8243; _module_preset=&#8221;default&#8221; global_colors_info=&#8221;{}&#8221;]El 1959, es va desenvolupar l&#8217;emblema d&#8217;estil rod\u00f3 de l&#8217;IPA que s&#8217;utilitzaria com a ins\u00edgnia de solapa. L&#8217;emblema circular va ser adoptat i destinat a finalitats d&#8217;exhibici\u00f3, mentre que el logotip en forma de corona es va fer servir per a la documentaci\u00f3 oficial.[\/et_pb_text][\/et_pb_column][et_pb_column _builder_version=&#8221;4.27.2&#8243; _module_preset=&#8221;default&#8221; type=&#8221;1_2&#8243;][et_pb_image src=&#8221;https:\/\/catalunya.ipa-spain.org\/wp-content\/uploads\/sites\/9\/2024\/08\/roundel.png&#8221; title_text=&#8221;roundel&#8221; align=&#8221;center&#8221; _builder_version=&#8221;4.27.2&#8243; _module_preset=&#8221;default&#8221; width=&#8221;50%&#8221; hover_enabled=&#8221;0&#8243; global_colors_info=&#8221;{}&#8221; sticky_enabled=&#8221;0&#8243;][\/et_pb_image][et_pb_text _builder_version=&#8221;4.27.0&#8243; _module_preset=&#8221;default&#8221; global_colors_info=&#8221;{}&#8221;]<\/p>\n<p style=\"text-align: center;\">En els darrers anys, els logotips de la IPA es van modernitzar a aquesta coneguda versi\u00f3.<\/p>\n<p>[\/et_pb_text][\/et_pb_column][\/et_pb_row][et_pb_row _builder_version=&#8221;4.27.2&#8243; _module_preset=&#8221;default&#8221; column_structure=&#8221;1_2,1_2&#8243; border_width_bottom=&#8221;1px&#8221; hover_enabled=&#8221;0&#8243; sticky_enabled=&#8221;0&#8243;][et_pb_column _builder_version=&#8221;4.27.2&#8243; _module_preset=&#8221;default&#8221; type=&#8221;1_2&#8243;][et_pb_text _builder_version=&#8221;4.27.0&#8243; _module_preset=&#8221;default&#8221; global_colors_info=&#8221;{}&#8221;]Despr\u00e9s del congr\u00e9s mundial de 2022, els delegats van adoptar aquestes \u00faltimes versions per utilitzar-les a totes les Seccions Nacionals de la IPA. Tot i que poden semblar lleugerament diferents en comparaci\u00f3 amb les versions originals, els seus elements centrals s&#8217;han conservat i, fins avui, gaireb\u00e9 70 anys despr\u00e9s, el nostre lema continua sent el mateix: Servo per Amikeco.[\/et_pb_text][\/et_pb_column][et_pb_column _builder_version=&#8221;4.27.2&#8243; _module_preset=&#8221;default&#8221; type=&#8221;1_2&#8243;][et_pb_image src=&#8221;https:\/\/catalunya.ipa-spain.org\/wp-content\/uploads\/sites\/9\/2024\/08\/Old_logo.jpg&#8221; title_text=&#8221;Old_logo&#8221; align=&#8221;center&#8221; _builder_version=&#8221;4.27.2&#8243; _module_preset=&#8221;default&#8221; width=&#8221;50%&#8221; hover_enabled=&#8221;0&#8243; global_colors_info=&#8221;{}&#8221; sticky_enabled=&#8221;0&#8243;][\/et_pb_image][et_pb_text _builder_version=&#8221;4.27.0&#8243; _module_preset=&#8221;default&#8221; global_colors_info=&#8221;{}&#8221;]<\/p>\n<p style=\"text-align: center;\">Logotip de l&#8217;emblema de la IPA<\/p>\n<p>[\/et_pb_text][\/et_pb_column][\/et_pb_row][et_pb_row column_structure=&#8221;1_2,1_2&#8243; _builder_version=&#8221;4.27.0&#8243; _module_preset=&#8221;default&#8221; global_colors_info=&#8221;{}&#8221;][et_pb_column type=&#8221;1_2&#8243; _builder_version=&#8221;4.27.0&#8243; _module_preset=&#8221;default&#8221; global_colors_info=&#8221;{}&#8221;][et_pb_image src=&#8221;https:\/\/catalunya.ipa-spain.org\/wp-content\/uploads\/sites\/9\/2024\/08\/IPA_Emblem_RGB_72dpi-1.jpg&#8221; title_text=&#8221;IPA_Emblem_RGB_72dpi (1)&#8221; align=&#8221;center&#8221; _builder_version=&#8221;4.27.0&#8243; _module_preset=&#8221;default&#8221; width=&#8221;50%&#8221; global_colors_info=&#8221;{}&#8221;][\/et_pb_image][et_pb_text _builder_version=&#8221;4.27.0&#8243; _module_preset=&#8221;default&#8221; global_colors_info=&#8221;{}&#8221;]<\/p>\n<p style=\"text-align: center;\">Revisi\u00f3 moderna del logotip d&#8217;IPA.<\/p>\n<p>[\/et_pb_text][\/et_pb_column][et_pb_column type=&#8221;1_2&#8243; _builder_version=&#8221;4.27.0&#8243; _module_preset=&#8221;default&#8221; global_colors_info=&#8221;{}&#8221;][et_pb_image src=&#8221;https:\/\/catalunya.ipa-spain.org\/wp-content\/uploads\/sites\/9\/2024\/08\/IPA_RoundelBadge_RGB_72dpi.jpg&#8221; title_text=&#8221;IPA_RoundelBadge_RGB_72dpi&#8221; align=&#8221;center&#8221; _builder_version=&#8221;4.27.0&#8243; _module_preset=&#8221;default&#8221; width=&#8221;50%&#8221; global_colors_info=&#8221;{}&#8221;][\/et_pb_image][et_pb_text _builder_version=&#8221;4.27.0&#8243; _module_preset=&#8221;default&#8221; global_colors_info=&#8221;{}&#8221;]<\/p>\n<p style=\"text-align: center;\">Revisi\u00f3 moderna de la ronda IPA<\/p>\n<p>[\/et_pb_text][\/et_pb_column][\/et_pb_row][et_pb_row _builder_version=&#8221;4.27.0&#8243; _module_preset=&#8221;default&#8221; global_colors_info=&#8221;{}&#8221;][et_pb_column type=&#8221;4_4&#8243; _builder_version=&#8221;4.27.0&#8243; _module_preset=&#8221;default&#8221; global_colors_info=&#8221;{}&#8221;][et_pb_text _builder_version=&#8221;4.27.0&#8243; _module_preset=&#8221;default&#8221; global_colors_info=&#8221;{}&#8221;]<\/p>\n<p style=\"text-align: center;\"><strong>Els logotips d&#8217;IPA s\u00f3n marques registrades i l&#8217;\u00fas es regeix per l&#8217;art. 9 de les Regles Internacionals.<\/strong><\/p>\n<p>[\/et_pb_text][\/et_pb_column][\/et_pb_row][\/et_pb_section]<\/p>\n","protected":false},"excerpt":{"rendered":"<p>Manual d&#8217;imatge corporativaEl logotip de l&#8217;Associaci\u00f3 Internacional de Policia \u00e9s la pe\u00e7a central de la identitat de la nostra organitzaci\u00f3 i s&#8217;ha mantingut relativament sense canvis des que es va [&hellip;]<\/p>\n","protected":false},"author":1,"featured_media":0,"parent":0,"menu_order":0,"comment_status":"closed","ping_status":"closed","template":"","meta":{"_et_pb_use_builder":"on","_et_pb_old_content":"","_et_gb_content_width":"","footnotes":""},"class_list":["post-393569","page","type-page","status-publish","hentry"],"_links":{"self":[{"href":"https:\/\/catalunya.ipa-spain.org\/ca\/wp-json\/wp\/v2\/pages\/393569","targetHints":{"allow":["GET"]}}],"collection":[{"href":"https:\/\/catalunya.ipa-spain.org\/ca\/wp-json\/wp\/v2\/pages"}],"about":[{"href":"https:\/\/catalunya.ipa-spain.org\/ca\/wp-json\/wp\/v2\/types\/page"}],"author":[{"embeddable":true,"href":"https:\/\/catalunya.ipa-spain.org\/ca\/wp-json\/wp\/v2\/users\/1"}],"replies":[{"embeddable":true,"href":"https:\/\/catalunya.ipa-spain.org\/ca\/wp-json\/wp\/v2\/comments?post=393569"}],"version-history":[{"count":2,"href":"https:\/\/catalunya.ipa-spain.org\/ca\/wp-json\/wp\/v2\/pages\/393569\/revisions"}],"predecessor-version":[{"id":393571,"href":"https:\/\/catalunya.ipa-spain.org\/ca\/wp-json\/wp\/v2\/pages\/393569\/revisions\/393571"}],"wp:attachment":[{"href":"https:\/\/catalunya.ipa-spain.org\/ca\/wp-json\/wp\/v2\/media?parent=393569"}],"curies":[{"name":"wp","href":"https:\/\/api.w.org\/{rel}","templated":true}]}}