{"id":393561,"date":"2024-06-30T11:28:27","date_gmt":"2024-06-30T11:28:27","guid":{"rendered":"https:\/\/catalunya.ipa-spain.org\/sobre-la-ipa\/"},"modified":"2024-11-04T10:45:16","modified_gmt":"2024-11-04T10:45:16","slug":"sobre-la-ipa","status":"publish","type":"page","link":"https:\/\/catalunya.ipa-spain.org\/ca\/sobre-la-ipa\/","title":{"rendered":"Sobre la IPA"},"content":{"rendered":"<p>[et_pb_section fb_built=&#8221;1&#8243; admin_label=&#8221;Header&#8221; _builder_version=&#8221;4.27.0&#8243; background_color=&#8221;#0c71c3&#8243; use_background_color_gradient=&#8221;on&#8221; background_color_gradient_stops=&#8221;rgba(0,0,0,0.5) 0%|rgba(0,0,0,0.5) 100%&#8221; background_color_gradient_overlays_image=&#8221;on&#8221; background_color_gradient_start=&#8221;rgba(0,0,0,0.5)&#8221; background_color_gradient_end=&#8221;rgba(0,0,0,0.5)&#8221; background_enable_image=&#8221;off&#8221; custom_padding=&#8221;||||false|false&#8221; bottom_divider_height=&#8221;16px&#8221; global_colors_info=&#8221;{}&#8221; theme_builder_area=&#8221;post_content&#8221;][et_pb_row _builder_version=&#8221;4.16&#8243; global_colors_info=&#8221;{}&#8221; theme_builder_area=&#8221;post_content&#8221;][et_pb_column type=&#8221;4_4&#8243; _builder_version=&#8221;4.16&#8243; global_colors_info=&#8221;{}&#8221; theme_builder_area=&#8221;post_content&#8221;][et_pb_text _builder_version=&#8221;4.27.2&#8243; header_font=&#8221;Kanit|500|||||||&#8221; header_font_size=&#8221;2vw&#8221; header_line_height=&#8221;1.1em&#8221; background_layout=&#8221;dark&#8221; module_alignment=&#8221;center&#8221; hover_enabled=&#8221;0&#8243; header_text_align_tablet=&#8221;&#8221; header_text_align_phone=&#8221;center&#8221; header_text_align_last_edited=&#8221;on|phone&#8221; header_font_size_tablet=&#8221;42px&#8221; header_font_size_phone=&#8221;36px&#8221; header_font_size_last_edited=&#8221;on|desktop&#8221; locked=&#8221;off&#8221; global_colors_info=&#8221;{}&#8221; theme_builder_area=&#8221;post_content&#8221; sticky_enabled=&#8221;0&#8243;]<\/p>\n<h1>Sobre la IPA<\/h1>\n<p>[\/et_pb_text][\/et_pb_column][\/et_pb_row][\/et_pb_section][et_pb_section fb_built=&#8221;1&#8243; _builder_version=&#8221;4.25.1&#8243; _module_preset=&#8221;default&#8221; global_colors_info=&#8221;{}&#8221;][et_pb_row _builder_version=&#8221;4.25.2&#8243; _module_preset=&#8221;default&#8221; custom_padding=&#8221;4px|||||&#8221; global_colors_info=&#8221;{}&#8221;][et_pb_column type=&#8221;4_4&#8243; _builder_version=&#8221;4.25.2&#8243; _module_preset=&#8221;default&#8221; global_colors_info=&#8221;{}&#8221;][et_pb_text _builder_version=&#8221;4.25.2&#8243; _module_preset=&#8221;default&#8221; global_colors_info=&#8221;{}&#8221;]<\/p>\n<p><span>La <strong>International Police Association<\/strong> \u00e9s una comunitat independent formada per membres de diferents serveis de policia, tant en actiu com en retirats, sense distinci\u00f3 de graduaci\u00f3, ideologia, sexe, ra\u00e7a, llengua o religi\u00f3.<\/span><\/p>\n<p>Actualment IPA \u00e9s una Organitzaci\u00f3 amb estatus Consultiu Especial (amb veu i vot) al Consell Econ\u00f2mic i Social de Nacions Unides i amb estatus Consultiu a l&#8217;Organitzaci\u00f3 dels Estats Americans i la UNESCO.<\/p>\n<p>Avui dia IPA est\u00e0 implantada als 5 continents, amb m\u00e9s de<span> <\/span><span class=\"goog-text-highlight\">372.000<\/span><span> <\/span>socis. IPA Espanya s&#8217;aproxima actualment als 12.000 entre els membres dels cossos policials dependents tant de l&#8217;Estat, com de les comunitats aut\u00f2nomes i les policies locals. <\/p>\n<p>El seu prop\u00f2sit \u00e9s crear lligams i promoure la cooperaci\u00f3 internacional. Assumeix els principis proclamats a la Declaraci\u00f3 Universal de Drets Humans, adoptada per les Nacions Unides el 1948. Els seus ideals inclouen el desenvolupament de relacions culturals entre els seus membres, la difusi\u00f3 dels seus coneixements i l&#8217;intercanvi de l&#8217;experi\u00e8ncia professional.  <\/p>\n<p>A m\u00e9s, busca fomentar l&#8217;ajuda m\u00fatua a l&#8217;\u00e0mbit social i contribuir, dins de les seves possibilitats, a la coexist\u00e8ncia pac\u00edfica de diferents cultures ia la preservaci\u00f3 de la pau al m\u00f3n.<\/p>\n<p>Pensem que, a l&#8217;era d&#8217;internet, una de les millors maneres de comunicar els nostres socis entre si i de donar a con\u00e8ixer l&#8217;associaci\u00f3 a tots els altres \u00e9s una p\u00e0gina web.<\/p>\n<p>Per aix\u00f2, aquest portal va n\u00e9ixer amb l&#8217;ideal de portar m\u00e9s enll\u00e0 de les fronteres la nostra feina, els nostres objectius i la nostra exist\u00e8ncia.<\/p>\n<p>Volem que aquestes p\u00e0gines siguin un espai d&#8217;amistat, de servei i de cooperaci\u00f3.<\/p>\n<p>Volem que aqu\u00ed us sentiu entre amics, perqu\u00e8 a tots ens uneix aquesta gran fam\u00edlia que \u00e9s la policia.<\/p>\n<p>Sigues benvingut\/da. La nostra porta \u00e9s oberta: endavant, doncs, i passa. <\/p>\n<p>[\/et_pb_text][et_pb_image src=&#8221;https:\/\/catalunya.ipa-spain.org\/wp-content\/uploads\/sites\/9\/2024\/10\/logosense.jpg&#8221; title_text=&#8221;logosense&#8221; align=&#8221;center&#8221; _builder_version=&#8221;4.27.2&#8243; _module_preset=&#8221;default&#8221; global_colors_info=&#8221;{}&#8221;][\/et_pb_image][\/et_pb_column][\/et_pb_row][\/et_pb_section]<\/p>\n","protected":false},"excerpt":{"rendered":"<p>Sobre la IPALa International Police Association \u00e9s una comunitat independent formada per membres de diferents serveis de policia, tant en actiu com en retirats, sense distinci\u00f3 de graduaci\u00f3, ideologia, sexe, [&hellip;]<\/p>\n","protected":false},"author":1,"featured_media":0,"parent":0,"menu_order":0,"comment_status":"closed","ping_status":"closed","template":"","meta":{"_et_pb_use_builder":"on","_et_pb_old_content":"","_et_gb_content_width":"","footnotes":""},"class_list":["post-393561","page","type-page","status-publish","hentry"],"_links":{"self":[{"href":"https:\/\/catalunya.ipa-spain.org\/ca\/wp-json\/wp\/v2\/pages\/393561","targetHints":{"allow":["GET"]}}],"collection":[{"href":"https:\/\/catalunya.ipa-spain.org\/ca\/wp-json\/wp\/v2\/pages"}],"about":[{"href":"https:\/\/catalunya.ipa-spain.org\/ca\/wp-json\/wp\/v2\/types\/page"}],"author":[{"embeddable":true,"href":"https:\/\/catalunya.ipa-spain.org\/ca\/wp-json\/wp\/v2\/users\/1"}],"replies":[{"embeddable":true,"href":"https:\/\/catalunya.ipa-spain.org\/ca\/wp-json\/wp\/v2\/comments?post=393561"}],"version-history":[{"count":2,"href":"https:\/\/catalunya.ipa-spain.org\/ca\/wp-json\/wp\/v2\/pages\/393561\/revisions"}],"predecessor-version":[{"id":393563,"href":"https:\/\/catalunya.ipa-spain.org\/ca\/wp-json\/wp\/v2\/pages\/393561\/revisions\/393563"}],"wp:attachment":[{"href":"https:\/\/catalunya.ipa-spain.org\/ca\/wp-json\/wp\/v2\/media?parent=393561"}],"curies":[{"name":"wp","href":"https:\/\/api.w.org\/{rel}","templated":true}]}}